{"id":2832,"date":"2019-01-02T13:32:52","date_gmt":"2019-01-02T18:32:52","guid":{"rendered":"https:\/\/linitiative.ca\/algerienews\/?page_id=2832"},"modified":"2019-03-15T09:09:20","modified_gmt":"2019-03-15T13:09:20","slug":"faq","status":"publish","type":"page","link":"https:\/\/linitiative.ca\/International\/faq\/","title":{"rendered":"FAQ"},"content":{"rendered":"<p><strong>Foire Aux Questions &#8211; <span style=\"text-decoration: underline;\">International<\/span><\/strong><\/p>\n<p><strong>1. Comment choisissez-vous les nouvelles et les articles sur la page d&rsquo;accueil?<\/strong><br \/>\nNous n&rsquo;avons pas d&rsquo;\u00e9diteurs qui trient des sujets importants. Notre politique ne cherche pas \u00e0 influencer le type de sujets pr\u00e9sent\u00e9s. Les nouvelles et les articles les plus importants sont s\u00e9lectionn\u00e9s par ordinateur en utilisant un certain nombre de facteurs, tels que les nouvelles et le nombre de fois o\u00f9 elles apparaissent dans diff\u00e9rentes sources. Nous d\u00e9veloppons continuellement les algorithmes support\u00e9s.<\/p>\n<p><strong>2. Combien de temps les nouvelles sont couvertes par le site?<\/strong><br \/>\nNous conservons toutes les nouvelles et les articles que nous avons rassembl\u00e9s et les anciens articles sont supprim\u00e9s apr\u00e8s un an.<\/p>\n<p><strong>3. Pourquoi ne puis-je pas trouver les nouvelles dans mon journal pr\u00e9f\u00e9r\u00e9?<\/strong><br \/>\nLes raisons sont multiples: le journal n\u2019a peut-\u00eatre pas de site Web. Ou l&#8217;emplacement du journal peut ne pas \u00eatre mis \u00e0 jour p\u00e9riodiquement. D&rsquo;autres fois, le site Web du journal peut \u00eatre con\u00e7u de telle sorte qu&rsquo;il est difficile d&rsquo;en extraire des nouvelles. Dans tous les cas, nous travaillons toujours \u00e0 l\u2019ajout de nouvelles sources d\u2019informations sur notre site.<\/p>\n<p><strong>4. Aujourd&rsquo;hui, j&rsquo;ai trouv\u00e9 un article politique dans l&rsquo;actualit\u00e9 sportive, qu&rsquo;est-ce que cela signifie?<\/strong><br \/>\nDans certains cas, le programme que nous avons d\u00e9velopp\u00e9 est erron\u00e9 dans la d\u00e9termination de la classification de la nouvelle ou de l&rsquo;article. Parfois, cela est acceptable. Si un dirigeant \u00e9tranger se rend dans un au, les informations peuvent \u00eatre class\u00e9es comme internationales plut\u00f4t que politiques. Dans d\u2019autres cas, le classement n\u2019a peut-\u00eatre rien \u00e0 voir avec la nature de l\u2019article. Cependant, nous \u00e9tudions en permanence les classifications attach\u00e9es aux articles afin d\u2019am\u00e9liorer les performances du programme.<\/p>\n<p><strong>5. Pourquoi est-ce que je ne trouve pas d&rsquo;impact sur certaines classifications telles que la technologie et les arts?<\/strong><br \/>\nDans la cat\u00e9gorie actuelle, nous avons essay\u00e9 de conserver les cat\u00e9gories des journaux \u00e9lectroniques et nous n&rsquo;avons pas de plan pour changer cette cat\u00e9gorie \u00e0 court terme.<\/p>\n<p><strong>6. Aujourd\u2019hui, j\u2019ai acc\u00e9d\u00e9 au lien original d\u2019un article de votre site, mais j\u2019ai trouv\u00e9 son contenu quelque peu diff\u00e9rent. Pourquoi?<\/strong><br \/>\n<span style=\"text-decoration: underline;\"><b>International<\/b><\/span>\u00a0indexe les articles une seule fois. Par cons\u00e9quent, les modifications apport\u00e9es \u00e0 l&rsquo;article d&rsquo;origine peuvent ne pas \u00eatre refl\u00e9t\u00e9es.<\/p>\n<p><strong>8. Origine des nouvelles<\/strong><br \/>\nLe site r\u00e9cup\u00e8re automatiquement les informations \u00e0 partir de ses sources. <strong>International<\/strong> est un agr\u00e9gateur de nouvelles contenu dans des sites de nouvelles. Chaque jour, <span style=\"text-decoration: underline;\"><b>International<\/b><\/span> indexe automatiquement des milliers de fils de discussion et, comme il n\u2019existe aucun moyen automatique de valider les nouvelles, le site affiche le nom du journal qui est l&rsquo;auteur des nouvelles. Si le sujet est incorrect, vous ouvez contacter directement le journal.<\/p>\n<p><strong>9. Je veux envoyer un reportage ? Je veux envoyer un article? Je veux que vous couvriez un \u00e9v\u00e9nement important? Je veux contacter un r\u00e9dacteur? Je veux contacter une association? Je veux contacter un organisme gouvernemental? <\/strong><strong>J&rsquo;ai besoin de plus de d\u00e9tails sur un sujet qui m&rsquo;int\u00e9resse? Je veux que tu corriges la nouvelle? Je souhaite vous contacter pour la gestion de moteurs de recherche?\u00a0<\/strong><br \/>\nMerci de nous faire confiance. Mais <span style=\"text-decoration: underline;\"><strong><b>International<\/b><\/strong><\/span> apporte automatiquement des nouvelles de ses sources, nous n\u2019avons donc pas la possibilit\u00e9 de recevoir et de publier des sujets.<\/p>\n<p><strong>10.Je veux demander qu&rsquo;un journal soit ajout\u00e9 aux nouvelles?<\/strong><\/p>\n<p>Envoyer un courriel \u00e0 <strong>admin@linitiative.ca<\/strong> Veuillez inclure le nom du journal et l&rsquo;adresse \u00e9lectronique de son repr\u00e9sentant officiel et pr\u00e9cisez si vous souhaitez ajouter votre contenu dans notre site.<\/p>\n<p><strong>11. Je veux demander de modifier ou supprimer un journal des sources d&rsquo;information. <\/strong><br \/>\nNous sommes d\u00e9sol\u00e9s de modifier ou supprimer votre source de notre index. Envoyer un courriel \u00e0 <strong>admin@linitiative.ca<\/strong> Veuillez inclure le nom du journal et l&rsquo;adresse \u00e9lectronique de son repr\u00e9sentant officiel et pr\u00e9cisez si vous souhaitez garder une partie des textes ou enlever l&rsquo;int\u00e9gralit\u00e9 du contenu. Pour des raisons techniques, les archives d\u00e9j\u00e0 publi\u00e9s seront supprim\u00e9s apr\u00e8s un an.<\/p>\n","protected":false},"excerpt":{"rendered":"<p>Foire Aux Questions &#8211; International 1. Comment choisissez-vous les nouvelles et les articles sur la page d&rsquo;accueil? Nous n&rsquo;avons pas d&rsquo;\u00e9diteurs qui trient des sujets importants. Notre politique ne cherche pas \u00e0 influencer le type de sujets pr\u00e9sent\u00e9s. Les nouvelles et les articles les plus importants sont s\u00e9lectionn\u00e9s par ordinateur en utilisant un certain nombre [&hellip;]<\/p>\n","protected":false},"author":1,"featured_media":0,"parent":0,"menu_order":0,"comment_status":"closed","ping_status":"closed","template":"","meta":{"footnotes":""},"class_list":["post-2832","page","type-page","status-publish","hentry"],"_links":{"self":[{"href":"https:\/\/linitiative.ca\/International\/wp-json\/wp\/v2\/pages\/2832","targetHints":{"allow":["GET"]}}],"collection":[{"href":"https:\/\/linitiative.ca\/International\/wp-json\/wp\/v2\/pages"}],"about":[{"href":"https:\/\/linitiative.ca\/International\/wp-json\/wp\/v2\/types\/page"}],"author":[{"embeddable":true,"href":"https:\/\/linitiative.ca\/International\/wp-json\/wp\/v2\/users\/1"}],"replies":[{"embeddable":true,"href":"https:\/\/linitiative.ca\/International\/wp-json\/wp\/v2\/comments?post=2832"}],"version-history":[{"count":21,"href":"https:\/\/linitiative.ca\/International\/wp-json\/wp\/v2\/pages\/2832\/revisions"}],"predecessor-version":[{"id":21992,"href":"https:\/\/linitiative.ca\/International\/wp-json\/wp\/v2\/pages\/2832\/revisions\/21992"}],"wp:attachment":[{"href":"https:\/\/linitiative.ca\/International\/wp-json\/wp\/v2\/media?parent=2832"}],"curies":[{"name":"wp","href":"https:\/\/api.w.org\/{rel}","templated":true}]}}